{"id":110,"date":"2024-10-27T22:53:14","date_gmt":"2024-10-27T21:53:14","guid":{"rendered":"https:\/\/figurbalans.se\/?post_type=product&#038;p=110"},"modified":"2025-04-18T23:22:22","modified_gmt":"2025-04-18T21:22:22","slug":"formula-1-shake-mix-vanilla-cream","status":"publish","type":"product","link":"http:\/\/figurbalans.se\/sv\/produkt\/formula-1-shake-mix-vanilla-cream\/","title":{"rendered":"F1 Vanilla Cream 780g"},"content":{"rendered":"<h3>Herbalife Formula 1 \u2013 Shake Mix Vanilla Cream 780g<\/h3>\n<p><a href=\"https:\/\/figurbalans.se\/wp-content\/uploads\/2024\/10\/f1.webp\" target=\"blank\">N\u00e4rngsdeklaration<\/a><\/p>\n<ul>\n<li><strong>Idealisk f\u00f6r viktkontroll<\/strong>: St\u00f6djer vikthantering som m\u00e5ltidsers\u00e4ttning.<\/li>\n<li><strong>H\u00f6g proteinhalt<\/strong>: 18 g per portion, bidrar till muskelmassans tillv\u00e4xt och underh\u00e5ll.<\/li>\n<li><strong>Rik p\u00e5 n\u00e4rings\u00e4mnen<\/strong>: Inneh\u00e5ller 38 % av det dagliga behovet av 25 vitaminer och mineraler, inklusive krom.<\/li>\n<li><strong>Egenskaper<\/strong>: Glutenfri, vegansk, utan konstgjorda f\u00e4rg\u00e4mnen.<\/li>\n<li><strong>Kaloriinneh\u00e5ll<\/strong>: 222 kcal per portion.<\/li>\n<\/ul>\n<p>Perfekt som en del av en h\u00e4lsosam och balanserad kost.<\/p>\n<p><iframe loading=\"lazy\" title=\"Swap it for a shake\" width=\"980\" height=\"551\" src=\"https:\/\/www.youtube.com\/embed\/nX8fadanOgI?feature=oembed\" frameborder=\"0\" allow=\"accelerometer; autoplay; clipboard-write; encrypted-media; gyroscope; picture-in-picture; web-share\" referrerpolicy=\"strict-origin-when-cross-origin\" allowfullscreen><\/iframe><\/p>\n<p>&nbsp;<\/p>\n","protected":false},"excerpt":{"rendered":"<p><strong>Herbalife Formula 1 \u2013 Vanilj, 780g:<br \/>\n<\/strong>Idealisk m\u00e5ltidsers\u00e4ttning f\u00f6r viktkontroll,<br \/>\n18 g protein och 222 kcal per portion.<\/p>\n<p>Glutenfri, vegansk, utan konstgjorda f\u00e4rg\u00e4mnen.<\/p>\n<p><a href=\"https:\/\/figurbalans.se\/wp-content\/uploads\/2024\/10\/f1.webp\" target=\"blank\">N\u00e4rngsdeklaration<\/a><\/p>\n<p>&nbsp;<\/p>\n","protected":false},"featured_media":598,"comment_status":"open","ping_status":"closed","template":"","meta":[],"product_brand":[],"product_cat":[35,42],"product_tag":[],"class_list":{"0":"post-110","1":"product","2":"type-product","3":"status-publish","4":"has-post-thumbnail","6":"product_cat-koktajl","7":"product_cat-viktminskning","9":"first","10":"instock","11":"shipping-taxable","12":"purchasable","13":"product-type-simple"},"_links":{"self":[{"href":"http:\/\/figurbalans.se\/sv\/wp-json\/wp\/v2\/product\/110","targetHints":{"allow":["GET"]}}],"collection":[{"href":"http:\/\/figurbalans.se\/sv\/wp-json\/wp\/v2\/product"}],"about":[{"href":"http:\/\/figurbalans.se\/sv\/wp-json\/wp\/v2\/types\/product"}],"replies":[{"embeddable":true,"href":"http:\/\/figurbalans.se\/sv\/wp-json\/wp\/v2\/comments?post=110"}],"wp:featuredmedia":[{"embeddable":true,"href":"http:\/\/figurbalans.se\/sv\/wp-json\/wp\/v2\/media\/598"}],"wp:attachment":[{"href":"http:\/\/figurbalans.se\/sv\/wp-json\/wp\/v2\/media?parent=110"}],"wp:term":[{"taxonomy":"product_brand","embeddable":true,"href":"http:\/\/figurbalans.se\/sv\/wp-json\/wp\/v2\/product_brand?post=110"},{"taxonomy":"product_cat","embeddable":true,"href":"http:\/\/figurbalans.se\/sv\/wp-json\/wp\/v2\/product_cat?post=110"},{"taxonomy":"product_tag","embeddable":true,"href":"http:\/\/figurbalans.se\/sv\/wp-json\/wp\/v2\/product_tag?post=110"}],"curies":[{"name":"wp","href":"https:\/\/api.w.org\/{rel}","templated":true}]}}