{"id":183,"date":"2024-10-29T12:41:23","date_gmt":"2024-10-29T11:41:23","guid":{"rendered":"https:\/\/figurbalans.se\/?post_type=product&#038;p=183"},"modified":"2025-04-18T23:21:38","modified_gmt":"2025-04-18T21:21:38","slug":"herbal-aloe-mango-473-ml","status":"publish","type":"product","link":"http:\/\/figurbalans.se\/sv\/produkt\/herbal-aloe-mango-473-ml\/","title":{"rendered":"Herbal Aloe Mango 473 ml"},"content":{"rendered":"<div class=\"info-content\">\n<article>\n<p class=\"overview disc\" data-bind=\"html: Overview, visible: Overview\">Herbal Aloe Concentrate, som tillverkas av det lugnande aloe vera-bladet, fi nns nu i mangosmak.<\/p>\n<p class=\"overview disc\" data-bind=\"html: Overview, visible: Overview\">Det \u00e4r en uppfriskande dryck som inneh\u00e5ller aloe vera-juice.<\/p>\n<p class=\"overview disc\" data-bind=\"html: Overview, visible: Overview\">Den har inget tillsatt socker och smaken \u00e4r uppfriskande tropisk.<\/p>\n<h2 data-bind=\"visible: KeyBenefits\">Viktiga f\u00f6rdelar<\/h2>\n<div class=\"disc\" data-bind=\"visible: KeyBenefits, html: KeyBenefits\">\n<p>\u2022 Inneh\u00e5ller 40 % aloe vera-juice fr\u00e5n aloe vera-bladet<\/p>\n<p>\u2022 Inneh\u00e5ller inget tillsatt socker och har l\u00e5g kalorihalt<\/p>\n<p>\u2022 Tills\u00e4tt Herbal Aloe Concentrate till vatten s\u00e5 f\u00e5r du en dryck med lugnande och uppfriskande smak som kan stimulera dig att dricka mer vatten s\u00e5att du n\u00e5r det n\u00f6dv\u00e4ndiga v\u00e4tskeintaget p\u00e5 <strong>2-2,5liter per dag<\/strong><\/p>\n<\/div>\n<h2 data-bind=\"visible: Usage\">Anv\u00e4ndning<\/h2>\n<div class=\"disc\" data-bind=\"visible: Usage, html: Usage\">Blanda 3-4kapsyler (15-20ml) med 120ml vatten.<\/div>\n<\/article>\n<\/div>\n","protected":false},"excerpt":{"rendered":"<p><a href=\"https:\/\/figurbalans.se\/wp-content\/uploads\/2024\/10\/aloe-nargingsdeklaration.webp\" target=\"blank\">N\u00e4rngsdeklaration<\/a><\/p>\n","protected":false},"featured_media":190,"comment_status":"open","ping_status":"closed","template":"","meta":[],"product_brand":[],"product_cat":[41],"product_tag":[],"class_list":{"0":"post-183","1":"product","2":"type-product","3":"status-publish","4":"has-post-thumbnail","6":"product_cat-basprodukter","8":"first","9":"outofstock","10":"shipping-taxable","11":"purchasable","12":"product-type-simple"},"_links":{"self":[{"href":"http:\/\/figurbalans.se\/sv\/wp-json\/wp\/v2\/product\/183","targetHints":{"allow":["GET"]}}],"collection":[{"href":"http:\/\/figurbalans.se\/sv\/wp-json\/wp\/v2\/product"}],"about":[{"href":"http:\/\/figurbalans.se\/sv\/wp-json\/wp\/v2\/types\/product"}],"replies":[{"embeddable":true,"href":"http:\/\/figurbalans.se\/sv\/wp-json\/wp\/v2\/comments?post=183"}],"wp:featuredmedia":[{"embeddable":true,"href":"http:\/\/figurbalans.se\/sv\/wp-json\/wp\/v2\/media\/190"}],"wp:attachment":[{"href":"http:\/\/figurbalans.se\/sv\/wp-json\/wp\/v2\/media?parent=183"}],"wp:term":[{"taxonomy":"product_brand","embeddable":true,"href":"http:\/\/figurbalans.se\/sv\/wp-json\/wp\/v2\/product_brand?post=183"},{"taxonomy":"product_cat","embeddable":true,"href":"http:\/\/figurbalans.se\/sv\/wp-json\/wp\/v2\/product_cat?post=183"},{"taxonomy":"product_tag","embeddable":true,"href":"http:\/\/figurbalans.se\/sv\/wp-json\/wp\/v2\/product_tag?post=183"}],"curies":[{"name":"wp","href":"https:\/\/api.w.org\/{rel}","templated":true}]}}