{"id":191,"date":"2024-10-29T12:47:27","date_gmt":"2024-10-29T11:47:27","guid":{"rendered":"https:\/\/figurbalans.se\/?post_type=product&#038;p=191"},"modified":"2025-04-18T23:21:27","modified_gmt":"2025-04-18T21:21:27","slug":"herbal-aloe-ortkoncentrat-original-flavor-473-ml","status":"publish","type":"product","link":"http:\/\/figurbalans.se\/sv\/produkt\/herbal-aloe-ortkoncentrat-original-flavor-473-ml\/","title":{"rendered":"Herbal Aloe \u00d6rtkoncentrat Original Flavor 473 ml"},"content":{"rendered":"<div class=\"info-content\">\n<article>\n<p class=\"overview disc\" data-bind=\"html: Overview, visible: Overview\">Stressar du mycket och \u00e4ter p\u00e5 st\u00e5ende fot, s\u00e5 att magen far illa?<\/p>\n<p class=\"overview disc\" data-bind=\"html: Overview, visible: Overview\">Hj\u00e4lpen f\u00f6r matsm\u00e4ltningssystemet finns kanske i den h\u00e4r goda drycken som f\u00e5ngat aloe-v\u00e4xtens f\u00f6rdelar.<\/p>\n<p class=\"overview disc\" data-bind=\"html: Overview, visible: Overview\">Genom att dricka Herbal Aloe \u00f6rtkoncentrat kan du ocks\u00e5 f\u00e5 hj\u00e4lp till att dra ner p\u00e5 intaget av socker och \u00f6ka intaget av vatten.<\/p>\n<h2 data-bind=\"visible: KeyBenefits\">Viktiga f\u00f6rdelar<\/h2>\n<div class=\"disc\" data-bind=\"visible: KeyBenefits, html: KeyBenefits\">\n<ul>\n<li>Kan ge possitiv p\u00e5verkan p\u00e5 matsm\u00e4ltningen.<\/li>\n<li>St\u00f6djer kroppens reng\u00f6ringssystem.<\/li>\n<li>Tillverkad av h\u00f6g kvalitets aloe vera, som har uppfriskande egenskaper.<\/li>\n<li>Inneh\u00e5ller kamomill, som har lugnande egenskaper.<\/li>\n<\/ul>\n<\/div>\n<h2 data-bind=\"visible: FastFacts\">Snabba fakta<\/h2>\n<div class=\"disc\" data-bind=\"visible: FastFacts, html: FastFacts\">\n<ul>\n<li>Inneh\u00e5ller 40 % aloe vera-gel fr\u00e5n aloe-plantans blad.<\/li>\n<li>Blanda Herbal Aloe \u00f6rtkoncentrat med vatten f\u00f6r att f\u00e5 en uppfriskande dryck som kan stimulera till ett st\u00f6rre v\u00e4tskeintag, vilket kan hj\u00e4lpa dig att f\u00e5 i dig de tv\u00e5 liter vatten som rekommenderas dagligen.<\/li>\n<li>Med citron som ger en uppfriskande smak.<\/li>\n<\/ul>\n<\/div>\n<h2 data-bind=\"visible: Usage\">Anv\u00e4ndning<\/h2>\n<div class=\"disc\" data-bind=\"visible: Usage, html: Usage\">\n<ul>\n<li>Blanda 3 kapsyler i 1,25 dl vatten.<\/li>\n<li>Du kan tillreda 1 liter f\u00e4rdig Herbal Aloe dryck p\u00e5 f\u00f6ljande s\u00e4tt : h\u00e4ll 1,2 dl (120 ml) koncentrat i ett literm\u00e5tt och fyll det med vatten.<\/li>\n<li>Njut 1-3 portioner dagligen. Kosttillskott \u00e4r avsedda att komplettera kosten och f\u00e5r inte ers\u00e4tta en varierad kost.<\/li>\n<\/ul>\n<\/div>\n<\/article>\n<\/div>\n","protected":false},"excerpt":{"rendered":"<p>Stressar du mycket och \u00e4ter p\u00e5 st\u00e5ende fot, s\u00e5 att magen far illa? Hj\u00e4lpen f\u00f6r matsm\u00e4ltningssystemet finns kanske i den h\u00e4r goda drycken som f\u00e5ngat aloe-v\u00e4xtens f\u00f6rdelar. Genom att dricka Herbal Aloe \u00f6rtkoncentrat kan du ocks\u00e5 f\u00e5 hj\u00e4lp till att dra ner p\u00e5 intaget av socker och \u00f6ka intaget av vatten. Viktiga f\u00f6rdelar Kan ge [&hellip;]<\/p>\n","protected":false},"featured_media":192,"comment_status":"open","ping_status":"closed","template":"","meta":[],"product_brand":[],"product_cat":[41],"product_tag":[],"class_list":{"0":"post-191","1":"product","2":"type-product","3":"status-publish","4":"has-post-thumbnail","6":"product_cat-basprodukter","8":"first","9":"outofstock","10":"shipping-taxable","11":"purchasable","12":"product-type-simple"},"_links":{"self":[{"href":"http:\/\/figurbalans.se\/sv\/wp-json\/wp\/v2\/product\/191","targetHints":{"allow":["GET"]}}],"collection":[{"href":"http:\/\/figurbalans.se\/sv\/wp-json\/wp\/v2\/product"}],"about":[{"href":"http:\/\/figurbalans.se\/sv\/wp-json\/wp\/v2\/types\/product"}],"replies":[{"embeddable":true,"href":"http:\/\/figurbalans.se\/sv\/wp-json\/wp\/v2\/comments?post=191"}],"wp:featuredmedia":[{"embeddable":true,"href":"http:\/\/figurbalans.se\/sv\/wp-json\/wp\/v2\/media\/192"}],"wp:attachment":[{"href":"http:\/\/figurbalans.se\/sv\/wp-json\/wp\/v2\/media?parent=191"}],"wp:term":[{"taxonomy":"product_brand","embeddable":true,"href":"http:\/\/figurbalans.se\/sv\/wp-json\/wp\/v2\/product_brand?post=191"},{"taxonomy":"product_cat","embeddable":true,"href":"http:\/\/figurbalans.se\/sv\/wp-json\/wp\/v2\/product_cat?post=191"},{"taxonomy":"product_tag","embeddable":true,"href":"http:\/\/figurbalans.se\/sv\/wp-json\/wp\/v2\/product_tag?post=191"}],"curies":[{"name":"wp","href":"https:\/\/api.w.org\/{rel}","templated":true}]}}