{"id":599,"date":"2024-11-15T22:34:40","date_gmt":"2024-11-15T21:34:40","guid":{"rendered":"https:\/\/figurbalans.se\/?post_type=product&#038;p=599"},"modified":"2025-04-18T23:22:37","modified_gmt":"2025-04-18T21:22:37","slug":"protein-drink-mix-vegan-vanilj","status":"publish","type":"product","link":"http:\/\/figurbalans.se\/sv\/produkt\/protein-drink-mix-vegan-vanilj\/","title":{"rendered":"Protein Drink Mix Vegan Vanilj"},"content":{"rendered":"<h3 id=\"info-toggle\">Produkt\u00f6versikt<\/h3>\n<div class=\"info-content\">\n<article>Protein Drink Mix-Vegan \u00e4r ett perfekt s\u00e4tt att \u00f6ka ditt proteinintag under dagen. Kombinera med din favorit Formula 1-shake f\u00f6r att f\u00e5 en h\u00e4lsosam m\u00e5ltid med<br \/>\nh\u00f6g proteinhalt och l\u00e5g sockerhalt. Varje portion inneh\u00e5ller 22 vitaminer och mineraler, inklusive vitamin D som bidrar till immunsystemets normala funktion och vitamin C som bidrar till att minska tr\u00f6tthet och utmattning. Protein Drink Mix-Vegan inneh\u00e5ller inte heller n\u00e5gra konstgjorda f\u00e4rg\u00e4mnen eller smak\u00e4mnen och \u00e4r s\u00f6tad med steviolglykosider framst\u00e4llda av v\u00e4xten stevia.<\/p>\n<h5 data-bind=\"visible: KeyBenefits\">Viktiga f\u00f6rdelar<\/h5>\n<div class=\"disc\" data-bind=\"visible: KeyBenefits, html: KeyBenefits\">\n<p>Blanda tv\u00e5 m\u00e5ttskopor (28 g) pulver med 250 ml kallt vatten eller tre m\u00e5ttskopor (42 g) pulver med 375 ml kallt vatten, beroende p\u00e5 ditt proteinbehov, skaka och njut.<br \/>\nDu kan ocks\u00e5 l\u00e4gga till den h\u00e4r produkten i din Formula 1-shake och vatten f\u00f6r att f\u00e5 en l\u00e4cker, vegansk och h\u00e4lsosam m\u00e5ltid.<br \/>\nDrick denna produkt p\u00e5 f\u00f6rmiddagen eller eftermiddagen, l\u00e5t produkten ing\u00e5 i en balanserad och varierad kost som en del av en h\u00e4lsosam och aktiv livsstil.<\/p>\n<\/div>\n<h5 data-bind=\"visible: Usage\">Anv\u00e4ndning<\/h5>\n<div class=\"disc\" data-bind=\"visible: Usage, html: Usage\">\n<p>\u2022 L\u00e4mplig f\u00f6r veganer<br \/>\n\u2022 H\u00f6g proteinhalt<br \/>\n\u2022 Inneh\u00e5ller 22 vitaminer och mineraler<br \/>\n\u2022 Naturligt laktosfri<br \/>\n\u2022 Glutenfri<br \/>\n\u2022 <strong>S\u00f6tad med steviolglykosider framst\u00e4llda av v\u00e4xten stevia<\/strong><\/p>\n<\/div>\n<\/article>\n<\/div>\n","protected":false},"excerpt":{"rendered":"<p>Protein Drink Mix-Vegan \u00e4r ett perfekt s\u00e4tt att \u00f6ka ditt proteinintag under dagen.<\/p>\n<p><a href=\"https:\/\/figurbalans.se\/wp-content\/uploads\/2024\/11\/PDM-VEGAN-SE.webp\" target=\"blank\">N\u00e4rngsdeklaration<\/a><\/p>\n","protected":false},"featured_media":600,"comment_status":"open","ping_status":"closed","template":"","meta":[],"product_brand":[],"product_cat":[41,19,42],"product_tag":[],"class_list":{"0":"post-599","1":"product","2":"type-product","3":"status-publish","4":"has-post-thumbnail","6":"product_cat-basprodukter","7":"product_cat-produkty-bialkowe","8":"product_cat-viktminskning","10":"first","11":"outofstock","12":"shipping-taxable","13":"purchasable","14":"product-type-simple"},"_links":{"self":[{"href":"http:\/\/figurbalans.se\/sv\/wp-json\/wp\/v2\/product\/599","targetHints":{"allow":["GET"]}}],"collection":[{"href":"http:\/\/figurbalans.se\/sv\/wp-json\/wp\/v2\/product"}],"about":[{"href":"http:\/\/figurbalans.se\/sv\/wp-json\/wp\/v2\/types\/product"}],"replies":[{"embeddable":true,"href":"http:\/\/figurbalans.se\/sv\/wp-json\/wp\/v2\/comments?post=599"}],"wp:featuredmedia":[{"embeddable":true,"href":"http:\/\/figurbalans.se\/sv\/wp-json\/wp\/v2\/media\/600"}],"wp:attachment":[{"href":"http:\/\/figurbalans.se\/sv\/wp-json\/wp\/v2\/media?parent=599"}],"wp:term":[{"taxonomy":"product_brand","embeddable":true,"href":"http:\/\/figurbalans.se\/sv\/wp-json\/wp\/v2\/product_brand?post=599"},{"taxonomy":"product_cat","embeddable":true,"href":"http:\/\/figurbalans.se\/sv\/wp-json\/wp\/v2\/product_cat?post=599"},{"taxonomy":"product_tag","embeddable":true,"href":"http:\/\/figurbalans.se\/sv\/wp-json\/wp\/v2\/product_tag?post=599"}],"curies":[{"name":"wp","href":"https:\/\/api.w.org\/{rel}","templated":true}]}}