{"id":603,"date":"2024-11-15T23:04:48","date_gmt":"2024-11-15T22:04:48","guid":{"rendered":"https:\/\/figurbalans.se\/?post_type=product&#038;p=603"},"modified":"2025-04-18T23:21:07","modified_gmt":"2025-04-18T21:21:07","slug":"instant-herbal-beverage-with-tea-extracts-original-flavor-102-g","status":"publish","type":"product","link":"http:\/\/figurbalans.se\/sv\/produkt\/instant-herbal-beverage-with-tea-extracts-original-flavor-102-g\/","title":{"rendered":"Instant Herbal Beverage with tea extracts Original Flavor 102 g"},"content":{"rendered":"<h3 id=\"info-toggle\">Produkt\u00f6versikt<\/h3>\n<div class=\"info-content\">\n<article>Instant Herbal Beverage \u00e4r v\u00e5r signaturblandning av te. Det perfekta valet n\u00e4r du beh\u00f6ver en<br \/>\nkalorisn\u00e5l \u00f6rtdryck som piggar upp din dag. Den \u00e4r en uppfriskande dryck med extrakt fr\u00e5n gr\u00f6na och orangea pekoe-teblad med tillsatt extrakt fr\u00e5n kardemummafr\u00f6n och pulver av hibiskusblommor.<\/p>\n<h5 data-bind=\"visible: KeyBenefits\">Viktiga f\u00f6rdelar<\/h5>\n<div class=\"disc\" data-bind=\"visible: KeyBenefits, html: KeyBenefits\">\n<ul>\n<li>Bara 6 kcal per portion<\/li>\n<li>Inget tillsatt socker<\/li>\n<li>Glutenfri<\/li>\n<li>Inneh\u00e5ller koffein<\/li>\n<li>Vegansk<\/li>\n<li>Avnjuts varm eller kall<\/li>\n<\/ul>\n<p><i>V\u00e4lj mellan v\u00e5ra fyra signatursmaker: original, peach, lemon och raspberry<\/i>.<\/p>\n<\/div>\n<h5 data-bind=\"visible: FastFacts\">Snabba fakta<\/h5>\n<div class=\"disc\" data-bind=\"visible: FastFacts, html: FastFacts\">\n<p>* Det rekommenderas inte att \u00f6verskrida ett dagligt intag p\u00e5 400 mg koffein fr\u00e5n alla k\u00e4llor (200 mg f\u00f6r kvinnor som \u00e4r gravida eller ammar).<\/p>\n<p>* En enstaka dos p\u00e5 200 mg koffein b\u00f6r inte \u00f6verskridas.<\/p>\n<\/div>\n<h5 data-bind=\"visible: Usage\">Anv\u00e4ndning<\/h5>\n<div class=\"disc\" data-bind=\"visible: Usage, html: Usage\">\n<p>Blanda \u00bd tsk (1,7 g) med 200\u2013240 ml varmt eller kallt vatten. L\u00e5t produkten ing\u00e5 i en balanserad och varierad kost som en del av en h\u00e4lsosam och aktiv livsstil. Drick ett till tv\u00e5 glas per dag.<\/p>\n<\/div>\n<\/article>\n<\/div>\n","protected":false},"excerpt":{"rendered":"<p>Instant Herbal Beverage \u00e4r v\u00e5r signaturblandning av te.<\/p>\n<p><a href=\"https:\/\/figurbalans.se\/wp-content\/uploads\/2024\/11\/herbal-naringsdeklaration.webp\" target=\"blank\">N\u00e4ringsdeklaration<\/a><\/p>\n","protected":false},"featured_media":604,"comment_status":"open","ping_status":"closed","template":"","meta":[],"product_brand":[],"product_cat":[41,43,42],"product_tag":[],"class_list":{"0":"post-603","1":"product","2":"type-product","3":"status-publish","4":"has-post-thumbnail","6":"product_cat-basprodukter","7":"product_cat-mellanmal","8":"product_cat-viktminskning","10":"first","11":"outofstock","12":"shipping-taxable","13":"purchasable","14":"product-type-simple"},"_links":{"self":[{"href":"http:\/\/figurbalans.se\/sv\/wp-json\/wp\/v2\/product\/603","targetHints":{"allow":["GET"]}}],"collection":[{"href":"http:\/\/figurbalans.se\/sv\/wp-json\/wp\/v2\/product"}],"about":[{"href":"http:\/\/figurbalans.se\/sv\/wp-json\/wp\/v2\/types\/product"}],"replies":[{"embeddable":true,"href":"http:\/\/figurbalans.se\/sv\/wp-json\/wp\/v2\/comments?post=603"}],"wp:featuredmedia":[{"embeddable":true,"href":"http:\/\/figurbalans.se\/sv\/wp-json\/wp\/v2\/media\/604"}],"wp:attachment":[{"href":"http:\/\/figurbalans.se\/sv\/wp-json\/wp\/v2\/media?parent=603"}],"wp:term":[{"taxonomy":"product_brand","embeddable":true,"href":"http:\/\/figurbalans.se\/sv\/wp-json\/wp\/v2\/product_brand?post=603"},{"taxonomy":"product_cat","embeddable":true,"href":"http:\/\/figurbalans.se\/sv\/wp-json\/wp\/v2\/product_cat?post=603"},{"taxonomy":"product_tag","embeddable":true,"href":"http:\/\/figurbalans.se\/sv\/wp-json\/wp\/v2\/product_tag?post=603"}],"curies":[{"name":"wp","href":"https:\/\/api.w.org\/{rel}","templated":true}]}}